{"id":1216,"date":"2021-09-29T13:58:51","date_gmt":"2021-09-29T13:58:51","guid":{"rendered":"https:\/\/www.homekey.hu\/?page_id=1216"},"modified":"2024-01-09T09:08:33","modified_gmt":"2024-01-09T09:08:33","slug":"megbizasi-szerzodes-ingatlan-berbeadas-2","status":"publish","type":"page","link":"https:\/\/www.homekey.hu\/de\/megbizasi-szerzodes-ingatlan-berbeadas-2\/","title":{"rendered":"Provisionsvertrag zur Immobilienvermietung"},"content":{"rendered":"","protected":true},"excerpt":{"rendered":"","protected":true},"author":3,"featured_media":0,"parent":0,"menu_order":0,"comment_status":"closed","ping_status":"closed","template":"","meta":{"_acf_changed":false,"footnotes":""},"class_list":["post-1216","page","type-page","status-publish","post-password-required","hentry"],"acf":[],"yoast_head":"<!-- This site is optimized with the Yoast SEO plugin v27.4 - https:\/\/yoast.com\/product\/yoast-seo-wordpress\/ -->\n<title>Megb\u00edz\u00e1si szerz\u0151d\u00e9s ingatlan B\u00c9RBEAD\u00c1S - Home Key Ingatlan<\/title>\n<meta name=\"robots\" content=\"index, follow, max-snippet:-1, max-image-preview:large, max-video-preview:-1\" \/>\n<link rel=\"canonical\" href=\"https:\/\/www.homekey.hu\/de\/megbizasi-szerzodes-ingatlan-berbeadas-2\/\" \/>\n<meta property=\"og:locale\" content=\"de_DE\" \/>\n<meta property=\"og:type\" content=\"article\" \/>\n<meta property=\"og:title\" content=\"Megb\u00edz\u00e1si szerz\u0151d\u00e9s ingatlan B\u00c9RBEAD\u00c1S - Home Key Ingatlan\" \/>\n<meta property=\"og:description\" content=\"Es gibt keinen Textauszug, da dies ein gesch\u00fctzter Beitrag ist.\" \/>\n<meta property=\"og:url\" content=\"https:\/\/www.homekey.hu\/de\/megbizasi-szerzodes-ingatlan-berbeadas-2\/\" \/>\n<meta property=\"og:site_name\" content=\"Home Key Ingatlan\" \/>\n<meta property=\"article:modified_time\" content=\"2024-01-09T09:08:33+00:00\" \/>\n<meta name=\"twitter:card\" content=\"summary_large_image\" \/>\n<meta name=\"twitter:label1\" content=\"Gesch\u00e4tzte Lesezeit\" \/>\n\t<meta name=\"twitter:data1\" content=\"1\u00a0Minute\" \/>\n<script type=\"application\/ld+json\" class=\"yoast-schema-graph\">{\"@context\":\"https:\\\/\\\/schema.org\",\"@graph\":[{\"@type\":\"WebPage\",\"@id\":\"https:\\\/\\\/www.homekey.hu\\\/megbizasi-szerzodes-ingatlan-berbeadas-2\\\/\",\"url\":\"https:\\\/\\\/www.homekey.hu\\\/megbizasi-szerzodes-ingatlan-berbeadas-2\\\/\",\"name\":\"Megb\u00edz\u00e1si szerz\u0151d\u00e9s ingatlan B\u00c9RBEAD\u00c1S - Home Key Ingatlan\",\"isPartOf\":{\"@id\":\"https:\\\/\\\/www.homekey.hu\\\/#website\"},\"datePublished\":\"2021-09-29T13:58:51+00:00\",\"dateModified\":\"2024-01-09T09:08:33+00:00\",\"breadcrumb\":{\"@id\":\"https:\\\/\\\/www.homekey.hu\\\/megbizasi-szerzodes-ingatlan-berbeadas-2\\\/#breadcrumb\"},\"inLanguage\":\"de\"},{\"@type\":\"WebSite\",\"@id\":\"https:\\\/\\\/www.homekey.hu\\\/#website\",\"url\":\"https:\\\/\\\/www.homekey.hu\\\/\",\"name\":\"Home Key Ingatlan\",\"description\":\"\",\"publisher\":{\"@id\":\"https:\\\/\\\/www.homekey.hu\\\/#organization\"},\"potentialAction\":[{\"@type\":\"SearchAction\",\"target\":{\"@type\":\"EntryPoint\",\"urlTemplate\":\"https:\\\/\\\/www.homekey.hu\\\/?s={search_term_string}\"},\"query-input\":{\"@type\":\"PropertyValueSpecification\",\"valueRequired\":true,\"valueName\":\"search_term_string\"}}],\"inLanguage\":\"de\"},{\"@type\":\"Organization\",\"@id\":\"https:\\\/\\\/www.homekey.hu\\\/#organization\",\"name\":\"Homekey Ingatlan Kft.\",\"url\":\"https:\\\/\\\/www.homekey.hu\\\/\",\"logo\":{\"@type\":\"ImageObject\",\"inLanguage\":\"de\",\"@id\":\"https:\\\/\\\/www.homekey.hu\\\/#\\\/schema\\\/logo\\\/image\\\/\",\"url\":\"https:\\\/\\\/www.homekey.hu\\\/wp-content\\\/uploads\\\/2019\\\/07\\\/homekey-ingatlan-eladas-logo-removebg-preview.png\",\"contentUrl\":\"https:\\\/\\\/www.homekey.hu\\\/wp-content\\\/uploads\\\/2019\\\/07\\\/homekey-ingatlan-eladas-logo-removebg-preview.png\",\"width\":333,\"height\":176,\"caption\":\"Homekey Ingatlan Kft.\"},\"image\":{\"@id\":\"https:\\\/\\\/www.homekey.hu\\\/#\\\/schema\\\/logo\\\/image\\\/\"}}]}<\/script>\n<!-- \/ Yoast SEO plugin. -->","yoast_head_json":{"title":"Megb\u00edz\u00e1si szerz\u0151d\u00e9s ingatlan B\u00c9RBEAD\u00c1S - Home Key Ingatlan","robots":{"index":"index","follow":"follow","max-snippet":"max-snippet:-1","max-image-preview":"max-image-preview:large","max-video-preview":"max-video-preview:-1"},"canonical":"https:\/\/www.homekey.hu\/de\/megbizasi-szerzodes-ingatlan-berbeadas-2\/","og_locale":"de_DE","og_type":"article","og_title":"Megb\u00edz\u00e1si szerz\u0151d\u00e9s ingatlan B\u00c9RBEAD\u00c1S - Home Key Ingatlan","og_description":"Es gibt keinen Textauszug, da dies ein gesch\u00fctzter Beitrag ist.","og_url":"https:\/\/www.homekey.hu\/de\/megbizasi-szerzodes-ingatlan-berbeadas-2\/","og_site_name":"Home Key Ingatlan","article_modified_time":"2024-01-09T09:08:33+00:00","twitter_card":"summary_large_image","twitter_misc":{"Gesch\u00e4tzte Lesezeit":"1\u00a0Minute"},"schema":{"@context":"https:\/\/schema.org","@graph":[{"@type":"WebPage","@id":"https:\/\/www.homekey.hu\/megbizasi-szerzodes-ingatlan-berbeadas-2\/","url":"https:\/\/www.homekey.hu\/megbizasi-szerzodes-ingatlan-berbeadas-2\/","name":"Megb\u00edz\u00e1si szerz\u0151d\u00e9s ingatlan B\u00c9RBEAD\u00c1S - Home Key Ingatlan","isPartOf":{"@id":"https:\/\/www.homekey.hu\/#website"},"datePublished":"2021-09-29T13:58:51+00:00","dateModified":"2024-01-09T09:08:33+00:00","breadcrumb":{"@id":"https:\/\/www.homekey.hu\/megbizasi-szerzodes-ingatlan-berbeadas-2\/#breadcrumb"},"inLanguage":"de"},{"@type":"WebSite","@id":"https:\/\/www.homekey.hu\/#website","url":"https:\/\/www.homekey.hu\/","name":"Home Key Ingatlan","description":"","publisher":{"@id":"https:\/\/www.homekey.hu\/#organization"},"potentialAction":[{"@type":"SearchAction","target":{"@type":"EntryPoint","urlTemplate":"https:\/\/www.homekey.hu\/?s={search_term_string}"},"query-input":{"@type":"PropertyValueSpecification","valueRequired":true,"valueName":"search_term_string"}}],"inLanguage":"de"},{"@type":"Organization","@id":"https:\/\/www.homekey.hu\/#organization","name":"Homekey Ingatlan Kft.","url":"https:\/\/www.homekey.hu\/","logo":{"@type":"ImageObject","inLanguage":"de","@id":"https:\/\/www.homekey.hu\/#\/schema\/logo\/image\/","url":"https:\/\/www.homekey.hu\/wp-content\/uploads\/2019\/07\/homekey-ingatlan-eladas-logo-removebg-preview.png","contentUrl":"https:\/\/www.homekey.hu\/wp-content\/uploads\/2019\/07\/homekey-ingatlan-eladas-logo-removebg-preview.png","width":333,"height":176,"caption":"Homekey Ingatlan Kft."},"image":{"@id":"https:\/\/www.homekey.hu\/#\/schema\/logo\/image\/"}}]}},"_links":{"self":[{"href":"https:\/\/www.homekey.hu\/de\/wp-json\/wp\/v2\/pages\/1216","targetHints":{"allow":["GET"]}}],"collection":[{"href":"https:\/\/www.homekey.hu\/de\/wp-json\/wp\/v2\/pages"}],"about":[{"href":"https:\/\/www.homekey.hu\/de\/wp-json\/wp\/v2\/types\/page"}],"author":[{"embeddable":true,"href":"https:\/\/www.homekey.hu\/de\/wp-json\/wp\/v2\/users\/3"}],"replies":[{"embeddable":true,"href":"https:\/\/www.homekey.hu\/de\/wp-json\/wp\/v2\/comments?post=1216"}],"version-history":[{"count":16,"href":"https:\/\/www.homekey.hu\/de\/wp-json\/wp\/v2\/pages\/1216\/revisions"}],"predecessor-version":[{"id":5617,"href":"https:\/\/www.homekey.hu\/de\/wp-json\/wp\/v2\/pages\/1216\/revisions\/5617"}],"wp:attachment":[{"href":"https:\/\/www.homekey.hu\/de\/wp-json\/wp\/v2\/media?parent=1216"}],"curies":[{"name":"wp","href":"https:\/\/api.w.org\/{rel}","templated":true}]}}