{"id":13,"date":"2019-06-26T09:48:26","date_gmt":"2019-06-26T09:48:26","guid":{"rendered":"https:\/\/jupiterx.artbees.net\/real-estate-2\/?page_id=13"},"modified":"2023-03-17T08:50:09","modified_gmt":"2023-03-17T08:50:09","slug":"blog","status":"publish","type":"page","link":"https:\/\/www.homekey.hu\/de\/blog\/","title":{"rendered":"Blog"},"content":{"rendered":"<div data-elementor-type=\"wp-post\" data-elementor-id=\"13\" class=\"elementor elementor-13\">\n\t\t\t\t\t\t<section class=\"elementor-section elementor-top-section elementor-element elementor-element-afbcb22 elementor-section-height-min-height elementor-section-boxed elementor-section-height-default elementor-section-items-middle\" data-id=\"afbcb22\" data-element_type=\"section\" data-settings=\"{&quot;jet_parallax_layout_list&quot;:[{&quot;jet_parallax_layout_image&quot;:{&quot;url&quot;:&quot;&quot;,&quot;id&quot;:&quot;&quot;,&quot;size&quot;:&quot;&quot;},&quot;_id&quot;:&quot;5dbf257&quot;,&quot;jet_parallax_layout_speed&quot;:{&quot;unit&quot;:&quot;%&quot;,&quot;size&quot;:&quot;50&quot;,&quot;sizes&quot;:[]},&quot;jet_parallax_layout_bg_x&quot;:&quot;50&quot;,&quot;jet_parallax_layout_bg_y&quot;:&quot;50&quot;,&quot;jet_parallax_layout_image_tablet&quot;:{&quot;url&quot;:&quot;&quot;,&quot;id&quot;:&quot;&quot;,&quot;size&quot;:&quot;&quot;},&quot;jet_parallax_layout_image_mobile&quot;:{&quot;url&quot;:&quot;&quot;,&quot;id&quot;:&quot;&quot;,&quot;size&quot;:&quot;&quot;},&quot;jet_parallax_layout_type&quot;:&quot;scroll&quot;,&quot;jet_parallax_layout_direction&quot;:null,&quot;jet_parallax_layout_fx_direction&quot;:null,&quot;jet_parallax_layout_z_index&quot;:&quot;&quot;,&quot;jet_parallax_layout_bg_x_tablet&quot;:&quot;&quot;,&quot;jet_parallax_layout_bg_x_mobile&quot;:&quot;&quot;,&quot;jet_parallax_layout_bg_y_tablet&quot;:&quot;&quot;,&quot;jet_parallax_layout_bg_y_mobile&quot;:&quot;&quot;,&quot;jet_parallax_layout_bg_size&quot;:&quot;auto&quot;,&quot;jet_parallax_layout_bg_size_tablet&quot;:&quot;&quot;,&quot;jet_parallax_layout_bg_size_mobile&quot;:&quot;&quot;,&quot;jet_parallax_layout_animation_prop&quot;:&quot;transform&quot;,&quot;jet_parallax_layout_on&quot;:[&quot;desktop&quot;,&quot;tablet&quot;]}],&quot;background_background&quot;:&quot;classic&quot;}\">\n\t\t\t\t\t\t\t<div class=\"elementor-background-overlay\"><\/div>\n\t\t\t\t\t\t\t<div class=\"elementor-container elementor-column-gap-default\">\n\t\t\t\t\t<div class=\"elementor-column elementor-col-100 elementor-top-column elementor-element elementor-element-ea10072\" data-id=\"ea10072\" data-element_type=\"column\">\n\t\t\t<div class=\"elementor-widget-wrap elementor-element-populated\">\n\t\t\t\t\t\t<div class=\"elementor-element elementor-element-6672984 elementor-tablet-align-center elementor-align-left elementor-widget elementor-widget-raven-heading\" data-id=\"6672984\" data-element_type=\"widget\" data-widget_type=\"raven-heading.default\">\n\t\t\t\t<div class=\"elementor-widget-container\">\n\t\t\t\t\t\t\t<div class=\"raven-widget-wrapper\"><h1 class=\"raven-heading raven-heading-h1\"><span class=\"raven-heading-title\">N\u00fctzliche Informationen zum Immobilienmarkt<\/span><\/h1><\/div>\n\t\t\t\t\t\t<\/div>\n\t\t\t\t<\/div>\n\t\t\t\t\t<\/div>\n\t\t<\/div>\n\t\t\t\t\t<\/div>\n\t\t<\/section>\n\t\t\t\t<section class=\"elementor-section elementor-top-section elementor-element elementor-element-f85e9de elementor-section-boxed elementor-section-height-default elementor-section-height-default\" data-id=\"f85e9de\" data-element_type=\"section\" data-settings=\"{&quot;jet_parallax_layout_list&quot;:[{&quot;jet_parallax_layout_image&quot;:{&quot;url&quot;:&quot;&quot;,&quot;id&quot;:&quot;&quot;,&quot;size&quot;:&quot;&quot;},&quot;_id&quot;:&quot;bef219b&quot;,&quot;jet_parallax_layout_speed&quot;:{&quot;unit&quot;:&quot;%&quot;,&quot;size&quot;:&quot;50&quot;,&quot;sizes&quot;:[]},&quot;jet_parallax_layout_bg_x&quot;:&quot;50&quot;,&quot;jet_parallax_layout_bg_y&quot;:&quot;50&quot;,&quot;jet_parallax_layout_image_tablet&quot;:{&quot;url&quot;:&quot;&quot;,&quot;id&quot;:&quot;&quot;,&quot;size&quot;:&quot;&quot;},&quot;jet_parallax_layout_image_mobile&quot;:{&quot;url&quot;:&quot;&quot;,&quot;id&quot;:&quot;&quot;,&quot;size&quot;:&quot;&quot;},&quot;jet_parallax_layout_type&quot;:&quot;scroll&quot;,&quot;jet_parallax_layout_direction&quot;:null,&quot;jet_parallax_layout_fx_direction&quot;:null,&quot;jet_parallax_layout_z_index&quot;:&quot;&quot;,&quot;jet_parallax_layout_bg_x_tablet&quot;:&quot;&quot;,&quot;jet_parallax_layout_bg_x_mobile&quot;:&quot;&quot;,&quot;jet_parallax_layout_bg_y_tablet&quot;:&quot;&quot;,&quot;jet_parallax_layout_bg_y_mobile&quot;:&quot;&quot;,&quot;jet_parallax_layout_bg_size&quot;:&quot;auto&quot;,&quot;jet_parallax_layout_bg_size_tablet&quot;:&quot;&quot;,&quot;jet_parallax_layout_bg_size_mobile&quot;:&quot;&quot;,&quot;jet_parallax_layout_animation_prop&quot;:&quot;transform&quot;,&quot;jet_parallax_layout_on&quot;:[&quot;desktop&quot;,&quot;tablet&quot;]}]}\">\n\t\t\t\t\t\t<div class=\"elementor-container elementor-column-gap-default\">\n\t\t\t\t\t<div class=\"elementor-column elementor-col-100 elementor-top-column elementor-element elementor-element-f4a3cd6\" data-id=\"f4a3cd6\" data-element_type=\"column\">\n\t\t\t<div class=\"elementor-widget-wrap elementor-element-populated\">\n\t\t\t\t\t\t<div class=\"elementor-element elementor-element-3a3f178 elementor-mobile-align-center elementor-align-left elementor-widget elementor-widget-raven-heading\" data-id=\"3a3f178\" data-element_type=\"widget\" data-widget_type=\"raven-heading.default\">\n\t\t\t\t<div class=\"elementor-widget-container\">\n\t\t\t\t\t\t\t<div class=\"raven-widget-wrapper\"><h2 class=\"raven-heading raven-heading-h2\"><span class=\"raven-heading-title\">Inhalt nur auf Ungarisch verf\u00fcgbar<\/span><\/h2><\/div>\n\t\t\t\t\t\t<\/div>\n\t\t\t\t<\/div>\n\t\t\t\t<div class=\"elementor-element elementor-element-6cf5fb6 raven-mobile-button-align-center raven-hover-grayscale elementor-widget elementor-widget-raven-posts\" data-id=\"6cf5fb6\" data-element_type=\"widget\" data-settings=\"{&quot;classic_columns&quot;:&quot;1&quot;,&quot;classic_columns_tablet&quot;:&quot;1&quot;,&quot;classic_show_pagination&quot;:&quot;yes&quot;,&quot;classic_pagination_type&quot;:&quot;infinite_load&quot;,&quot;query_posts_per_page&quot;:&quot;4&quot;,&quot;_skin&quot;:&quot;classic&quot;,&quot;classic_layout&quot;:&quot;grid&quot;,&quot;classic_columns_mobile&quot;:&quot;1&quot;,&quot;query_offset&quot;:0}\" data-widget_type=\"raven-posts.classic\">\n\t\t\t\t<div class=\"elementor-widget-container\">\n\t\t\t\t\t\t\t<div class=\"raven-posts raven-grid raven-grid-1 raven-grid-mobile-1 raven-grid-tablet-1\" data-post-id=\"13\" data-archive-query=\"\" data-lang=\"\">\n\t\t\t\t<div class=\"raven-grid-item raven-post-item post-6639 post type-post status-publish format-standard has-post-thumbnail hentry category-uncategorized\">\n\t\t\t<div class=\"raven-post raven-post-inline raven-post-inline-left\">\n\t\t\t\t\t\t<div class=\"raven-post-image-wrap\">\n\t\t\t<a class=\"raven-post-image raven-image-fit\" href=\"https:\/\/www.homekey.hu\/de\/otthonfelujitasi-tamogatas-2024\/\"><img fetchpriority=\"high\" decoding=\"async\" width=\"1024\" height=\"683\" src=\"https:\/\/www.homekey.hu\/wp-content\/uploads\/2024\/07\/homekey-otthonfelujitasi-tamogatas-2024-1-1024x683.jpg\" class=\"attachment-large size-large wp-image-6680\" alt=\"\" srcset=\"https:\/\/www.homekey.hu\/wp-content\/uploads\/2024\/07\/homekey-otthonfelujitasi-tamogatas-2024-1-1024x683.jpg 1024w, https:\/\/www.homekey.hu\/wp-content\/uploads\/2024\/07\/homekey-otthonfelujitasi-tamogatas-2024-1-300x200.jpg 300w, https:\/\/www.homekey.hu\/wp-content\/uploads\/2024\/07\/homekey-otthonfelujitasi-tamogatas-2024-1-768x512.jpg 768w, https:\/\/www.homekey.hu\/wp-content\/uploads\/2024\/07\/homekey-otthonfelujitasi-tamogatas-2024-1-1536x1025.jpg 1536w, https:\/\/www.homekey.hu\/wp-content\/uploads\/2024\/07\/homekey-otthonfelujitasi-tamogatas-2024-1.jpg 1920w\" sizes=\"(max-width: 1024px) 100vw, 1024px\" \/> <span class=\"raven-post-image-overlay\"><\/span><\/a>\t\t<\/div>\n\t\t\t\t\t\t<div class=\"raven-post-content\">\n\t\t\t\t\t<h3 class=\"raven-post-title\"><a class=\"raven-post-title-link\" href=\"https:\/\/www.homekey.hu\/de\/otthonfelujitasi-tamogatas-2024\/\">Otthonfel\u00faj\u00edt\u00e1si t\u00e1mogat\u00e1s 2024<\/a><\/h3>\t\t<div class=\"raven-post-meta\"><a class=\"raven-post-meta-item raven-post-date\" href=\"https:\/\/www.homekey.hu\/de\/2024\/07\/\" rel=\"bookmark\">2024-07-01<\/a><\/div>\n\t\t\t\t<div class=\"raven-post-read-more\">\n\t\t\t<a class=\"raven-post-button\" href=\"https:\/\/www.homekey.hu\/de\/otthonfelujitasi-tamogatas-2024\/\"><span class=\"raven-post-button-text\">Olvass tov\u00e1bb<\/span><\/a>\n\t\t<\/div>\n\t\t\t\t\t\t<\/div>\n\t\t\t<\/div>\n\t\t<\/div>\n\t\t\t\t<div class=\"raven-grid-item raven-post-item post-5546 post type-post status-publish format-standard has-post-thumbnail hentry category-uncategorized\">\n\t\t\t<div class=\"raven-post raven-post-inline raven-post-inline-left\">\n\t\t\t\t\t\t<div class=\"raven-post-image-wrap\">\n\t\t\t<a class=\"raven-post-image raven-image-fit\" href=\"https:\/\/www.homekey.hu\/de\/csok-avagy-a-gyermekvallalas-mint-a-fiatalok-lakasszerzesenek-egyetlen-jarhato-utja\/\"><img decoding=\"async\" width=\"1024\" height=\"683\" src=\"https:\/\/www.homekey.hu\/wp-content\/uploads\/2023\/10\/homekey-csok-plusz-1024x683.jpg\" class=\"attachment-large size-large wp-image-5569\" alt=\"\" srcset=\"https:\/\/www.homekey.hu\/wp-content\/uploads\/2023\/10\/homekey-csok-plusz-1024x683.jpg 1024w, https:\/\/www.homekey.hu\/wp-content\/uploads\/2023\/10\/homekey-csok-plusz-300x200.jpg 300w, https:\/\/www.homekey.hu\/wp-content\/uploads\/2023\/10\/homekey-csok-plusz-768x512.jpg 768w, https:\/\/www.homekey.hu\/wp-content\/uploads\/2023\/10\/homekey-csok-plusz-1536x1025.jpg 1536w, https:\/\/www.homekey.hu\/wp-content\/uploads\/2023\/10\/homekey-csok-plusz.jpg 1920w\" sizes=\"(max-width: 1024px) 100vw, 1024px\" \/> <span class=\"raven-post-image-overlay\"><\/span><\/a>\t\t<\/div>\n\t\t\t\t\t\t<div class=\"raven-post-content\">\n\t\t\t\t\t<h3 class=\"raven-post-title\"><a class=\"raven-post-title-link\" href=\"https:\/\/www.homekey.hu\/de\/csok-avagy-a-gyermekvallalas-mint-a-fiatalok-lakasszerzesenek-egyetlen-jarhato-utja\/\">&lt;strong&gt;CSOK + avagy a gyermekv&aacute;llal&aacute;s, mint a fiatalok lak&aacute;sszerz&eacute;s&eacute;nek egyetlen j&aacute;rhat&oacute; &uacute;tja&lt;\/strong&gt;<\/a><\/h3>\t\t<div class=\"raven-post-meta\"><a class=\"raven-post-meta-item raven-post-date\" href=\"https:\/\/www.homekey.hu\/de\/2023\/10\/\" rel=\"bookmark\">2023-10-30<\/a><\/div>\n\t\t\t\t<div class=\"raven-post-read-more\">\n\t\t\t<a class=\"raven-post-button\" href=\"https:\/\/www.homekey.hu\/de\/csok-avagy-a-gyermekvallalas-mint-a-fiatalok-lakasszerzesenek-egyetlen-jarhato-utja\/\"><span class=\"raven-post-button-text\">Olvass tov\u00e1bb<\/span><\/a>\n\t\t<\/div>\n\t\t\t\t\t\t<\/div>\n\t\t\t<\/div>\n\t\t<\/div>\n\t\t\t\t<div class=\"raven-grid-item raven-post-item post-4805 post type-post status-publish format-standard has-post-thumbnail hentry category-uncategorized\">\n\t\t\t<div class=\"raven-post raven-post-inline raven-post-inline-left\">\n\t\t\t\t\t\t<div class=\"raven-post-image-wrap\">\n\t\t\t<a class=\"raven-post-image raven-image-fit\" href=\"https:\/\/www.homekey.hu\/de\/emberi-kapcsolat-a-termeszettel-a-biofilia-a-modern-epiteszet-es-design-inspiracioja\/\"><img decoding=\"async\" width=\"1024\" height=\"540\" src=\"https:\/\/www.homekey.hu\/wp-content\/uploads\/2023\/06\/homekey-blog-biofilia-1.-kep-1024x540.webp\" class=\"attachment-large size-large wp-image-4812\" alt=\"\" srcset=\"https:\/\/www.homekey.hu\/wp-content\/uploads\/2023\/06\/homekey-blog-biofilia-1.-kep-1024x540.webp 1024w, https:\/\/www.homekey.hu\/wp-content\/uploads\/2023\/06\/homekey-blog-biofilia-1.-kep-300x158.webp 300w, https:\/\/www.homekey.hu\/wp-content\/uploads\/2023\/06\/homekey-blog-biofilia-1.-kep-768x405.webp 768w, https:\/\/www.homekey.hu\/wp-content\/uploads\/2023\/06\/homekey-blog-biofilia-1.-kep-1536x810.webp 1536w, https:\/\/www.homekey.hu\/wp-content\/uploads\/2023\/06\/homekey-blog-biofilia-1.-kep-2048x1080.webp 2048w\" sizes=\"(max-width: 1024px) 100vw, 1024px\" \/> <span class=\"raven-post-image-overlay\"><\/span><\/a>\t\t<\/div>\n\t\t\t\t\t\t<div class=\"raven-post-content\">\n\t\t\t\t\t<h3 class=\"raven-post-title\"><a class=\"raven-post-title-link\" href=\"https:\/\/www.homekey.hu\/de\/emberi-kapcsolat-a-termeszettel-a-biofilia-a-modern-epiteszet-es-design-inspiracioja\/\">Emberi kapcsolat a term\u00e9szettel: a biofilia a modern \u00e9p\u00edt\u00e9szet \u00e9s design inspir\u00e1ci\u00f3ja<\/a><\/h3>\t\t<div class=\"raven-post-meta\"><a class=\"raven-post-meta-item raven-post-date\" href=\"https:\/\/www.homekey.hu\/de\/2023\/06\/\" rel=\"bookmark\">2023-06-06<\/a><\/div>\n\t\t\t\t<div class=\"raven-post-read-more\">\n\t\t\t<a class=\"raven-post-button\" href=\"https:\/\/www.homekey.hu\/de\/emberi-kapcsolat-a-termeszettel-a-biofilia-a-modern-epiteszet-es-design-inspiracioja\/\"><span class=\"raven-post-button-text\">Olvass tov\u00e1bb<\/span><\/a>\n\t\t<\/div>\n\t\t\t\t\t\t<\/div>\n\t\t\t<\/div>\n\t\t<\/div>\n\t\t\t\t<div class=\"raven-grid-item raven-post-item post-4523 post type-post status-publish format-standard has-post-thumbnail hentry category-uncategorized\">\n\t\t\t<div class=\"raven-post raven-post-inline raven-post-inline-left\">\n\t\t\t\t\t\t<div class=\"raven-post-image-wrap\">\n\t\t\t<a class=\"raven-post-image raven-image-fit\" href=\"https:\/\/www.homekey.hu\/de\/a-kert-mint-erteknovelo-beruhazas\/\"><img loading=\"lazy\" decoding=\"async\" width=\"1024\" height=\"683\" src=\"https:\/\/www.homekey.hu\/wp-content\/uploads\/2023\/04\/a-kert-mint-beruhazas-1-1024x683.webp\" class=\"attachment-large size-large wp-image-4508\" alt=\"\" srcset=\"https:\/\/www.homekey.hu\/wp-content\/uploads\/2023\/04\/a-kert-mint-beruhazas-1-1024x683.webp 1024w, https:\/\/www.homekey.hu\/wp-content\/uploads\/2023\/04\/a-kert-mint-beruhazas-1-300x200.webp 300w, https:\/\/www.homekey.hu\/wp-content\/uploads\/2023\/04\/a-kert-mint-beruhazas-1-768x512.webp 768w, https:\/\/www.homekey.hu\/wp-content\/uploads\/2023\/04\/a-kert-mint-beruhazas-1-1536x1024.webp 1536w, https:\/\/www.homekey.hu\/wp-content\/uploads\/2023\/04\/a-kert-mint-beruhazas-1-2048x1365.webp 2048w\" sizes=\"(max-width: 1024px) 100vw, 1024px\" \/> <span class=\"raven-post-image-overlay\"><\/span><\/a>\t\t<\/div>\n\t\t\t\t\t\t<div class=\"raven-post-content\">\n\t\t\t\t\t<h3 class=\"raven-post-title\"><a class=\"raven-post-title-link\" href=\"https:\/\/www.homekey.hu\/de\/a-kert-mint-erteknovelo-beruhazas\/\">A kert, mint \u00e9rt\u00e9kn\u00f6vel\u0151 beruh\u00e1z\u00e1s<\/a><\/h3>\t\t<div class=\"raven-post-meta\"><a class=\"raven-post-meta-item raven-post-date\" href=\"https:\/\/www.homekey.hu\/de\/2023\/04\/\" rel=\"bookmark\">2023-04-21<\/a><\/div>\n\t\t\t\t<div class=\"raven-post-read-more\">\n\t\t\t<a class=\"raven-post-button\" href=\"https:\/\/www.homekey.hu\/de\/a-kert-mint-erteknovelo-beruhazas\/\"><span class=\"raven-post-button-text\">Olvass tov\u00e1bb<\/span><\/a>\n\t\t<\/div>\n\t\t\t\t\t\t<\/div>\n\t\t\t<\/div>\n\t\t<\/div>\n\t\t\t\t<\/div>\n\t\t<span class=\"raven-infinite-load\"><\/span>\t\t\t\t<\/div>\n\t\t\t\t<\/div>\n\t\t\t\t\t<\/div>\n\t\t<\/div>\n\t\t\t\t\t<\/div>\n\t\t<\/section>\n\t\t\t\t<\/div>","protected":false},"excerpt":{"rendered":"<p>Hasznos inform\u00e1ci\u00f3k az ingatlanpiacr\u00f3l \u00c9p\u00edtsd fel a tud\u00e1sod k\u0151r\u0151l k\u0151re \u00c9rdemes most ingatlanba fektetni? 2023-02-02 Olvass tov\u00e1bb Hogyan \u00e9rt\u00e9kes\u00edts\u00fck ingatlanunkat a f\u00e9kez\u0151 piacon? 2022-11-28 Olvass tov\u00e1bb Mit hozhat 2023 az ingatlanpiacon? 2022-11-18 Olvass tov\u00e1bb H\u00e1bor\u00fa, infl\u00e1ci\u00f3, ingatlanpiac 2022-04-01 Olvass tov\u00e1bb<\/p>","protected":false},"author":3,"featured_media":1743,"parent":0,"menu_order":0,"comment_status":"closed","ping_status":"closed","template":"elementor_header_footer","meta":{"_acf_changed":false,"footnotes":""},"class_list":["post-13","page","type-page","status-publish","has-post-thumbnail","hentry"],"acf":[],"yoast_head":"<!-- This site is optimized with the Yoast SEO plugin v27.4 - https:\/\/yoast.com\/product\/yoast-seo-wordpress\/ -->\n<title>Blog - Home Key Ingatlan<\/title>\n<meta name=\"description\" content=\"Olvasson az ingatlanvil\u00e1g legfrisebb cikkeib\u0151l. Aktualit\u00e1sok, \u00e9rdekess\u00e9gek ingatlan elad\u00e1s, kiad\u00e1s t\u00e9mak\u00f6r\u00f6kben.\" \/>\n<meta name=\"robots\" content=\"index, follow, max-snippet:-1, max-image-preview:large, max-video-preview:-1\" \/>\n<link rel=\"canonical\" href=\"https:\/\/www.homekey.hu\/de\/blog\/\" \/>\n<meta property=\"og:locale\" content=\"de_DE\" \/>\n<meta property=\"og:type\" content=\"article\" \/>\n<meta property=\"og:title\" content=\"Blog - Home Key Ingatlan\" \/>\n<meta property=\"og:description\" content=\"Olvasson az ingatlanvil\u00e1g legfrisebb cikkeib\u0151l. Aktualit\u00e1sok, \u00e9rdekess\u00e9gek ingatlan elad\u00e1s, kiad\u00e1s t\u00e9mak\u00f6r\u00f6kben.\" \/>\n<meta property=\"og:url\" content=\"https:\/\/www.homekey.hu\/de\/blog\/\" \/>\n<meta property=\"og:site_name\" content=\"Home Key Ingatlan\" \/>\n<meta property=\"article:modified_time\" content=\"2023-03-17T08:50:09+00:00\" \/>\n<meta property=\"og:image\" content=\"https:\/\/www.homekey.hu\/wp-content\/uploads\/2021\/10\/blog-cikkek-homekey-ingatlan.jpg\" \/>\n\t<meta property=\"og:image:width\" content=\"1920\" \/>\n\t<meta property=\"og:image:height\" content=\"1371\" \/>\n\t<meta property=\"og:image:type\" content=\"image\/jpeg\" \/>\n<meta name=\"twitter:card\" content=\"summary_large_image\" \/>\n<meta name=\"twitter:label1\" content=\"Gesch\u00e4tzte Lesezeit\" \/>\n\t<meta name=\"twitter:data1\" content=\"2\u00a0Minuten\" \/>\n<script type=\"application\/ld+json\" class=\"yoast-schema-graph\">{\"@context\":\"https:\\\/\\\/schema.org\",\"@graph\":[{\"@type\":\"WebPage\",\"@id\":\"https:\\\/\\\/www.homekey.hu\\\/blog\\\/\",\"url\":\"https:\\\/\\\/www.homekey.hu\\\/blog\\\/\",\"name\":\"Blog - Home Key Ingatlan\",\"isPartOf\":{\"@id\":\"https:\\\/\\\/www.homekey.hu\\\/#website\"},\"primaryImageOfPage\":{\"@id\":\"https:\\\/\\\/www.homekey.hu\\\/blog\\\/#primaryimage\"},\"image\":{\"@id\":\"https:\\\/\\\/www.homekey.hu\\\/blog\\\/#primaryimage\"},\"thumbnailUrl\":\"https:\\\/\\\/www.homekey.hu\\\/wp-content\\\/uploads\\\/2021\\\/10\\\/blog-cikkek-homekey-ingatlan.jpg\",\"datePublished\":\"2019-06-26T09:48:26+00:00\",\"dateModified\":\"2023-03-17T08:50:09+00:00\",\"description\":\"Olvasson az ingatlanvil\u00e1g legfrisebb cikkeib\u0151l. Aktualit\u00e1sok, \u00e9rdekess\u00e9gek ingatlan elad\u00e1s, kiad\u00e1s t\u00e9mak\u00f6r\u00f6kben.\",\"breadcrumb\":{\"@id\":\"https:\\\/\\\/www.homekey.hu\\\/blog\\\/#breadcrumb\"},\"inLanguage\":\"de\",\"potentialAction\":[{\"@type\":\"ReadAction\",\"target\":[\"https:\\\/\\\/www.homekey.hu\\\/blog\\\/\"]}]},{\"@type\":\"ImageObject\",\"inLanguage\":\"de\",\"@id\":\"https:\\\/\\\/www.homekey.hu\\\/blog\\\/#primaryimage\",\"url\":\"https:\\\/\\\/www.homekey.hu\\\/wp-content\\\/uploads\\\/2021\\\/10\\\/blog-cikkek-homekey-ingatlan.jpg\",\"contentUrl\":\"https:\\\/\\\/www.homekey.hu\\\/wp-content\\\/uploads\\\/2021\\\/10\\\/blog-cikkek-homekey-ingatlan.jpg\",\"width\":1920,\"height\":1371},{\"@type\":\"BreadcrumbList\",\"@id\":\"https:\\\/\\\/www.homekey.hu\\\/blog\\\/#breadcrumb\",\"itemListElement\":[{\"@type\":\"ListItem\",\"position\":1,\"name\":\"Kezd\u0151lap\",\"item\":\"https:\\\/\\\/www.homekey.hu\\\/\"},{\"@type\":\"ListItem\",\"position\":2,\"name\":\"Blog\"}]},{\"@type\":\"WebSite\",\"@id\":\"https:\\\/\\\/www.homekey.hu\\\/#website\",\"url\":\"https:\\\/\\\/www.homekey.hu\\\/\",\"name\":\"Home Key Ingatlan\",\"description\":\"\",\"publisher\":{\"@id\":\"https:\\\/\\\/www.homekey.hu\\\/#organization\"},\"potentialAction\":[{\"@type\":\"SearchAction\",\"target\":{\"@type\":\"EntryPoint\",\"urlTemplate\":\"https:\\\/\\\/www.homekey.hu\\\/?s={search_term_string}\"},\"query-input\":{\"@type\":\"PropertyValueSpecification\",\"valueRequired\":true,\"valueName\":\"search_term_string\"}}],\"inLanguage\":\"de\"},{\"@type\":\"Organization\",\"@id\":\"https:\\\/\\\/www.homekey.hu\\\/#organization\",\"name\":\"Homekey Ingatlan Kft.\",\"url\":\"https:\\\/\\\/www.homekey.hu\\\/\",\"logo\":{\"@type\":\"ImageObject\",\"inLanguage\":\"de\",\"@id\":\"https:\\\/\\\/www.homekey.hu\\\/#\\\/schema\\\/logo\\\/image\\\/\",\"url\":\"https:\\\/\\\/www.homekey.hu\\\/wp-content\\\/uploads\\\/2019\\\/07\\\/homekey-ingatlan-eladas-logo-removebg-preview.png\",\"contentUrl\":\"https:\\\/\\\/www.homekey.hu\\\/wp-content\\\/uploads\\\/2019\\\/07\\\/homekey-ingatlan-eladas-logo-removebg-preview.png\",\"width\":333,\"height\":176,\"caption\":\"Homekey Ingatlan Kft.\"},\"image\":{\"@id\":\"https:\\\/\\\/www.homekey.hu\\\/#\\\/schema\\\/logo\\\/image\\\/\"}}]}<\/script>\n<!-- \/ Yoast SEO plugin. -->","yoast_head_json":{"title":"Blog - Home Key Ingatlan","description":"Olvasson az ingatlanvil\u00e1g legfrisebb cikkeib\u0151l. Aktualit\u00e1sok, \u00e9rdekess\u00e9gek ingatlan elad\u00e1s, kiad\u00e1s t\u00e9mak\u00f6r\u00f6kben.","robots":{"index":"index","follow":"follow","max-snippet":"max-snippet:-1","max-image-preview":"max-image-preview:large","max-video-preview":"max-video-preview:-1"},"canonical":"https:\/\/www.homekey.hu\/de\/blog\/","og_locale":"de_DE","og_type":"article","og_title":"Blog - Home Key Ingatlan","og_description":"Olvasson az ingatlanvil\u00e1g legfrisebb cikkeib\u0151l. Aktualit\u00e1sok, \u00e9rdekess\u00e9gek ingatlan elad\u00e1s, kiad\u00e1s t\u00e9mak\u00f6r\u00f6kben.","og_url":"https:\/\/www.homekey.hu\/de\/blog\/","og_site_name":"Home Key Ingatlan","article_modified_time":"2023-03-17T08:50:09+00:00","og_image":[{"width":1920,"height":1371,"url":"https:\/\/www.homekey.hu\/wp-content\/uploads\/2021\/10\/blog-cikkek-homekey-ingatlan.jpg","type":"image\/jpeg"}],"twitter_card":"summary_large_image","twitter_misc":{"Gesch\u00e4tzte Lesezeit":"2\u00a0Minuten"},"schema":{"@context":"https:\/\/schema.org","@graph":[{"@type":"WebPage","@id":"https:\/\/www.homekey.hu\/blog\/","url":"https:\/\/www.homekey.hu\/blog\/","name":"Blog - Home Key Ingatlan","isPartOf":{"@id":"https:\/\/www.homekey.hu\/#website"},"primaryImageOfPage":{"@id":"https:\/\/www.homekey.hu\/blog\/#primaryimage"},"image":{"@id":"https:\/\/www.homekey.hu\/blog\/#primaryimage"},"thumbnailUrl":"https:\/\/www.homekey.hu\/wp-content\/uploads\/2021\/10\/blog-cikkek-homekey-ingatlan.jpg","datePublished":"2019-06-26T09:48:26+00:00","dateModified":"2023-03-17T08:50:09+00:00","description":"Olvasson az ingatlanvil\u00e1g legfrisebb cikkeib\u0151l. Aktualit\u00e1sok, \u00e9rdekess\u00e9gek ingatlan elad\u00e1s, kiad\u00e1s t\u00e9mak\u00f6r\u00f6kben.","breadcrumb":{"@id":"https:\/\/www.homekey.hu\/blog\/#breadcrumb"},"inLanguage":"de","potentialAction":[{"@type":"ReadAction","target":["https:\/\/www.homekey.hu\/blog\/"]}]},{"@type":"ImageObject","inLanguage":"de","@id":"https:\/\/www.homekey.hu\/blog\/#primaryimage","url":"https:\/\/www.homekey.hu\/wp-content\/uploads\/2021\/10\/blog-cikkek-homekey-ingatlan.jpg","contentUrl":"https:\/\/www.homekey.hu\/wp-content\/uploads\/2021\/10\/blog-cikkek-homekey-ingatlan.jpg","width":1920,"height":1371},{"@type":"BreadcrumbList","@id":"https:\/\/www.homekey.hu\/blog\/#breadcrumb","itemListElement":[{"@type":"ListItem","position":1,"name":"Kezd\u0151lap","item":"https:\/\/www.homekey.hu\/"},{"@type":"ListItem","position":2,"name":"Blog"}]},{"@type":"WebSite","@id":"https:\/\/www.homekey.hu\/#website","url":"https:\/\/www.homekey.hu\/","name":"Home Key Ingatlan","description":"","publisher":{"@id":"https:\/\/www.homekey.hu\/#organization"},"potentialAction":[{"@type":"SearchAction","target":{"@type":"EntryPoint","urlTemplate":"https:\/\/www.homekey.hu\/?s={search_term_string}"},"query-input":{"@type":"PropertyValueSpecification","valueRequired":true,"valueName":"search_term_string"}}],"inLanguage":"de"},{"@type":"Organization","@id":"https:\/\/www.homekey.hu\/#organization","name":"Homekey Ingatlan Kft.","url":"https:\/\/www.homekey.hu\/","logo":{"@type":"ImageObject","inLanguage":"de","@id":"https:\/\/www.homekey.hu\/#\/schema\/logo\/image\/","url":"https:\/\/www.homekey.hu\/wp-content\/uploads\/2019\/07\/homekey-ingatlan-eladas-logo-removebg-preview.png","contentUrl":"https:\/\/www.homekey.hu\/wp-content\/uploads\/2019\/07\/homekey-ingatlan-eladas-logo-removebg-preview.png","width":333,"height":176,"caption":"Homekey Ingatlan Kft."},"image":{"@id":"https:\/\/www.homekey.hu\/#\/schema\/logo\/image\/"}}]}},"_links":{"self":[{"href":"https:\/\/www.homekey.hu\/de\/wp-json\/wp\/v2\/pages\/13","targetHints":{"allow":["GET"]}}],"collection":[{"href":"https:\/\/www.homekey.hu\/de\/wp-json\/wp\/v2\/pages"}],"about":[{"href":"https:\/\/www.homekey.hu\/de\/wp-json\/wp\/v2\/types\/page"}],"author":[{"embeddable":true,"href":"https:\/\/www.homekey.hu\/de\/wp-json\/wp\/v2\/users\/3"}],"replies":[{"embeddable":true,"href":"https:\/\/www.homekey.hu\/de\/wp-json\/wp\/v2\/comments?post=13"}],"version-history":[{"count":42,"href":"https:\/\/www.homekey.hu\/de\/wp-json\/wp\/v2\/pages\/13\/revisions"}],"predecessor-version":[{"id":4358,"href":"https:\/\/www.homekey.hu\/de\/wp-json\/wp\/v2\/pages\/13\/revisions\/4358"}],"wp:featuredmedia":[{"embeddable":true,"href":"https:\/\/www.homekey.hu\/de\/wp-json\/wp\/v2\/media\/1743"}],"wp:attachment":[{"href":"https:\/\/www.homekey.hu\/de\/wp-json\/wp\/v2\/media?parent=13"}],"curies":[{"name":"wp","href":"https:\/\/api.w.org\/{rel}","templated":true}]}}