{"id":1224,"date":"2021-09-29T14:00:47","date_gmt":"2021-09-29T14:00:47","guid":{"rendered":"https:\/\/www.homekey.hu\/?page_id=1224"},"modified":"2024-01-09T09:09:06","modified_gmt":"2024-01-09T09:09:06","slug":"megbizasi-szerzodes-ingatlan-ertekesites","status":"publish","type":"page","link":"https:\/\/www.homekey.hu\/en\/megbizasi-szerzodes-ingatlan-ertekesites\/","title":{"rendered":"Real estate sales contract"},"content":{"rendered":"","protected":true},"excerpt":{"rendered":"","protected":true},"author":3,"featured_media":0,"parent":0,"menu_order":0,"comment_status":"closed","ping_status":"closed","template":"","meta":{"_acf_changed":false,"footnotes":""},"class_list":["post-1224","page","type-page","status-publish","post-password-required","hentry"],"acf":[],"yoast_head":"<!-- This site is optimized with the Yoast SEO plugin v27.4 - https:\/\/yoast.com\/product\/yoast-seo-wordpress\/ -->\n<title>Megb\u00edz\u00e1si szerz\u0151d\u00e9s ingatlan \u00c9RT\u00c9KES\u00cdT\u00c9S - Home Key Ingatlan<\/title>\n<meta name=\"robots\" content=\"index, follow, max-snippet:-1, max-image-preview:large, max-video-preview:-1\" \/>\n<link rel=\"canonical\" href=\"https:\/\/www.homekey.hu\/en\/megbizasi-szerzodes-ingatlan-ertekesites\/\" \/>\n<meta property=\"og:locale\" content=\"en_GB\" \/>\n<meta property=\"og:type\" content=\"article\" \/>\n<meta property=\"og:title\" content=\"Megb\u00edz\u00e1si szerz\u0151d\u00e9s ingatlan \u00c9RT\u00c9KES\u00cdT\u00c9S - Home Key Ingatlan\" \/>\n<meta property=\"og:description\" content=\"There is no excerpt because this is a protected post.\" \/>\n<meta property=\"og:url\" content=\"https:\/\/www.homekey.hu\/en\/megbizasi-szerzodes-ingatlan-ertekesites\/\" \/>\n<meta property=\"og:site_name\" content=\"Home Key Ingatlan\" \/>\n<meta property=\"article:modified_time\" content=\"2024-01-09T09:09:06+00:00\" \/>\n<meta name=\"twitter:card\" content=\"summary_large_image\" \/>\n<meta name=\"twitter:label1\" content=\"Estimated reading time\" \/>\n\t<meta name=\"twitter:data1\" content=\"1 minute\" \/>\n<script type=\"application\/ld+json\" class=\"yoast-schema-graph\">{\"@context\":\"https:\\\/\\\/schema.org\",\"@graph\":[{\"@type\":\"WebPage\",\"@id\":\"https:\\\/\\\/www.homekey.hu\\\/megbizasi-szerzodes-ingatlan-ertekesites\\\/\",\"url\":\"https:\\\/\\\/www.homekey.hu\\\/megbizasi-szerzodes-ingatlan-ertekesites\\\/\",\"name\":\"Megb\u00edz\u00e1si szerz\u0151d\u00e9s ingatlan \u00c9RT\u00c9KES\u00cdT\u00c9S - Home Key Ingatlan\",\"isPartOf\":{\"@id\":\"https:\\\/\\\/www.homekey.hu\\\/#website\"},\"datePublished\":\"2021-09-29T14:00:47+00:00\",\"dateModified\":\"2024-01-09T09:09:06+00:00\",\"breadcrumb\":{\"@id\":\"https:\\\/\\\/www.homekey.hu\\\/megbizasi-szerzodes-ingatlan-ertekesites\\\/#breadcrumb\"},\"inLanguage\":\"en-GB\"},{\"@type\":\"WebSite\",\"@id\":\"https:\\\/\\\/www.homekey.hu\\\/#website\",\"url\":\"https:\\\/\\\/www.homekey.hu\\\/\",\"name\":\"Home Key Ingatlan\",\"description\":\"\",\"publisher\":{\"@id\":\"https:\\\/\\\/www.homekey.hu\\\/#organization\"},\"potentialAction\":[{\"@type\":\"SearchAction\",\"target\":{\"@type\":\"EntryPoint\",\"urlTemplate\":\"https:\\\/\\\/www.homekey.hu\\\/?s={search_term_string}\"},\"query-input\":{\"@type\":\"PropertyValueSpecification\",\"valueRequired\":true,\"valueName\":\"search_term_string\"}}],\"inLanguage\":\"en-GB\"},{\"@type\":\"Organization\",\"@id\":\"https:\\\/\\\/www.homekey.hu\\\/#organization\",\"name\":\"Homekey Ingatlan Kft.\",\"url\":\"https:\\\/\\\/www.homekey.hu\\\/\",\"logo\":{\"@type\":\"ImageObject\",\"inLanguage\":\"en-GB\",\"@id\":\"https:\\\/\\\/www.homekey.hu\\\/#\\\/schema\\\/logo\\\/image\\\/\",\"url\":\"https:\\\/\\\/www.homekey.hu\\\/wp-content\\\/uploads\\\/2019\\\/07\\\/homekey-ingatlan-eladas-logo-removebg-preview.png\",\"contentUrl\":\"https:\\\/\\\/www.homekey.hu\\\/wp-content\\\/uploads\\\/2019\\\/07\\\/homekey-ingatlan-eladas-logo-removebg-preview.png\",\"width\":333,\"height\":176,\"caption\":\"Homekey Ingatlan Kft.\"},\"image\":{\"@id\":\"https:\\\/\\\/www.homekey.hu\\\/#\\\/schema\\\/logo\\\/image\\\/\"}}]}<\/script>\n<!-- \/ Yoast SEO plugin. -->","yoast_head_json":{"title":"Megb\u00edz\u00e1si szerz\u0151d\u00e9s ingatlan \u00c9RT\u00c9KES\u00cdT\u00c9S - Home Key Ingatlan","robots":{"index":"index","follow":"follow","max-snippet":"max-snippet:-1","max-image-preview":"max-image-preview:large","max-video-preview":"max-video-preview:-1"},"canonical":"https:\/\/www.homekey.hu\/en\/megbizasi-szerzodes-ingatlan-ertekesites\/","og_locale":"en_GB","og_type":"article","og_title":"Megb\u00edz\u00e1si szerz\u0151d\u00e9s ingatlan \u00c9RT\u00c9KES\u00cdT\u00c9S - Home Key Ingatlan","og_description":"There is no excerpt because this is a protected post.","og_url":"https:\/\/www.homekey.hu\/en\/megbizasi-szerzodes-ingatlan-ertekesites\/","og_site_name":"Home Key Ingatlan","article_modified_time":"2024-01-09T09:09:06+00:00","twitter_card":"summary_large_image","twitter_misc":{"Estimated reading time":"1 minute"},"schema":{"@context":"https:\/\/schema.org","@graph":[{"@type":"WebPage","@id":"https:\/\/www.homekey.hu\/megbizasi-szerzodes-ingatlan-ertekesites\/","url":"https:\/\/www.homekey.hu\/megbizasi-szerzodes-ingatlan-ertekesites\/","name":"Megb\u00edz\u00e1si szerz\u0151d\u00e9s ingatlan \u00c9RT\u00c9KES\u00cdT\u00c9S - Home Key Ingatlan","isPartOf":{"@id":"https:\/\/www.homekey.hu\/#website"},"datePublished":"2021-09-29T14:00:47+00:00","dateModified":"2024-01-09T09:09:06+00:00","breadcrumb":{"@id":"https:\/\/www.homekey.hu\/megbizasi-szerzodes-ingatlan-ertekesites\/#breadcrumb"},"inLanguage":"en-GB"},{"@type":"WebSite","@id":"https:\/\/www.homekey.hu\/#website","url":"https:\/\/www.homekey.hu\/","name":"Home Key Ingatlan","description":"","publisher":{"@id":"https:\/\/www.homekey.hu\/#organization"},"potentialAction":[{"@type":"SearchAction","target":{"@type":"EntryPoint","urlTemplate":"https:\/\/www.homekey.hu\/?s={search_term_string}"},"query-input":{"@type":"PropertyValueSpecification","valueRequired":true,"valueName":"search_term_string"}}],"inLanguage":"en-GB"},{"@type":"Organization","@id":"https:\/\/www.homekey.hu\/#organization","name":"Homekey Ingatlan Kft.","url":"https:\/\/www.homekey.hu\/","logo":{"@type":"ImageObject","inLanguage":"en-GB","@id":"https:\/\/www.homekey.hu\/#\/schema\/logo\/image\/","url":"https:\/\/www.homekey.hu\/wp-content\/uploads\/2019\/07\/homekey-ingatlan-eladas-logo-removebg-preview.png","contentUrl":"https:\/\/www.homekey.hu\/wp-content\/uploads\/2019\/07\/homekey-ingatlan-eladas-logo-removebg-preview.png","width":333,"height":176,"caption":"Homekey Ingatlan Kft."},"image":{"@id":"https:\/\/www.homekey.hu\/#\/schema\/logo\/image\/"}}]}},"_links":{"self":[{"href":"https:\/\/www.homekey.hu\/en\/wp-json\/wp\/v2\/pages\/1224","targetHints":{"allow":["GET"]}}],"collection":[{"href":"https:\/\/www.homekey.hu\/en\/wp-json\/wp\/v2\/pages"}],"about":[{"href":"https:\/\/www.homekey.hu\/en\/wp-json\/wp\/v2\/types\/page"}],"author":[{"embeddable":true,"href":"https:\/\/www.homekey.hu\/en\/wp-json\/wp\/v2\/users\/3"}],"replies":[{"embeddable":true,"href":"https:\/\/www.homekey.hu\/en\/wp-json\/wp\/v2\/comments?post=1224"}],"version-history":[{"count":19,"href":"https:\/\/www.homekey.hu\/en\/wp-json\/wp\/v2\/pages\/1224\/revisions"}],"predecessor-version":[{"id":5620,"href":"https:\/\/www.homekey.hu\/en\/wp-json\/wp\/v2\/pages\/1224\/revisions\/5620"}],"wp:attachment":[{"href":"https:\/\/www.homekey.hu\/en\/wp-json\/wp\/v2\/media?parent=1224"}],"curies":[{"name":"wp","href":"https:\/\/api.w.org\/{rel}","templated":true}]}}