{"id":1447,"date":"2021-10-08T07:50:41","date_gmt":"2021-10-08T07:50:41","guid":{"rendered":"https:\/\/www.homekey.hu\/?page_id=1447"},"modified":"2025-02-03T13:49:25","modified_gmt":"2025-02-03T13:49:25","slug":"ertekebecsles","status":"publish","type":"page","link":"https:\/\/www.homekey.hu\/en\/ertekebecsles\/","title":{"rendered":"Real estate valuation"},"content":{"rendered":"<div data-elementor-type=\"wp-page\" data-elementor-id=\"1447\" class=\"elementor elementor-1447\">\n\t\t\t\t\t\t<section class=\"elementor-section elementor-top-section elementor-element elementor-element-c0cea8d elementor-section-height-min-height elementor-section-full_width elementor-section-stretched elementor-section-height-default elementor-section-items-middle\" data-id=\"c0cea8d\" data-element_type=\"section\" data-settings=\"{&quot;jet_parallax_layout_list&quot;:[{&quot;jet_parallax_layout_image&quot;:{&quot;url&quot;:&quot;&quot;,&quot;id&quot;:&quot;&quot;,&quot;size&quot;:&quot;&quot;},&quot;_id&quot;:&quot;5dbf257&quot;,&quot;jet_parallax_layout_speed&quot;:{&quot;unit&quot;:&quot;%&quot;,&quot;size&quot;:&quot;50&quot;,&quot;sizes&quot;:[]},&quot;jet_parallax_layout_bg_x&quot;:&quot;50&quot;,&quot;jet_parallax_layout_bg_y&quot;:&quot;50&quot;,&quot;jet_parallax_layout_image_tablet&quot;:{&quot;url&quot;:&quot;&quot;,&quot;id&quot;:&quot;&quot;,&quot;size&quot;:&quot;&quot;},&quot;jet_parallax_layout_image_mobile&quot;:{&quot;url&quot;:&quot;&quot;,&quot;id&quot;:&quot;&quot;,&quot;size&quot;:&quot;&quot;},&quot;jet_parallax_layout_type&quot;:&quot;scroll&quot;,&quot;jet_parallax_layout_direction&quot;:null,&quot;jet_parallax_layout_fx_direction&quot;:null,&quot;jet_parallax_layout_z_index&quot;:&quot;&quot;,&quot;jet_parallax_layout_bg_x_tablet&quot;:&quot;&quot;,&quot;jet_parallax_layout_bg_x_mobile&quot;:&quot;&quot;,&quot;jet_parallax_layout_bg_y_tablet&quot;:&quot;&quot;,&quot;jet_parallax_layout_bg_y_mobile&quot;:&quot;&quot;,&quot;jet_parallax_layout_bg_size&quot;:&quot;auto&quot;,&quot;jet_parallax_layout_bg_size_tablet&quot;:&quot;&quot;,&quot;jet_parallax_layout_bg_size_mobile&quot;:&quot;&quot;,&quot;jet_parallax_layout_animation_prop&quot;:&quot;transform&quot;,&quot;jet_parallax_layout_on&quot;:[&quot;desktop&quot;,&quot;tablet&quot;]}],&quot;background_background&quot;:&quot;classic&quot;,&quot;stretch_section&quot;:&quot;section-stretched&quot;}\">\n\t\t\t\t\t\t\t<div class=\"elementor-background-overlay\"><\/div>\n\t\t\t\t\t\t\t<div class=\"elementor-container elementor-column-gap-default\">\n\t\t\t\t\t<div class=\"elementor-column elementor-col-100 elementor-top-column elementor-element elementor-element-0efa99b\" data-id=\"0efa99b\" data-element_type=\"column\">\n\t\t\t<div class=\"elementor-widget-wrap elementor-element-populated\">\n\t\t\t\t\t\t<div class=\"elementor-element elementor-element-f2f0807 elementor-tablet-align-center elementor-align-left elementor-widget elementor-widget-raven-heading\" data-id=\"f2f0807\" data-element_type=\"widget\" data-widget_type=\"raven-heading.default\">\n\t\t\t\t<div class=\"elementor-widget-container\">\n\t\t\t\t\t\t\t<div class=\"raven-widget-wrapper\"><h1 class=\"raven-heading raven-heading-h1\"><span class=\"raven-heading-title\">Real estate valuation<\/span><\/h1><\/div>\n\t\t\t\t\t\t<\/div>\n\t\t\t\t<\/div>\n\t\t\t\t\t<\/div>\n\t\t<\/div>\n\t\t\t\t\t<\/div>\n\t\t<\/section>\n\t\t\t\t<section class=\"elementor-section elementor-top-section elementor-element elementor-element-f429f42 elementor-section-boxed elementor-section-height-default elementor-section-height-default\" data-id=\"f429f42\" data-element_type=\"section\" data-settings=\"{&quot;jet_parallax_layout_list&quot;:[{&quot;jet_parallax_layout_image&quot;:{&quot;url&quot;:&quot;&quot;,&quot;id&quot;:&quot;&quot;,&quot;size&quot;:&quot;&quot;},&quot;_id&quot;:&quot;85f1153&quot;,&quot;jet_parallax_layout_speed&quot;:{&quot;unit&quot;:&quot;%&quot;,&quot;size&quot;:&quot;50&quot;,&quot;sizes&quot;:[]},&quot;jet_parallax_layout_bg_x&quot;:&quot;50&quot;,&quot;jet_parallax_layout_bg_y&quot;:&quot;50&quot;,&quot;jet_parallax_layout_image_tablet&quot;:{&quot;url&quot;:&quot;&quot;,&quot;id&quot;:&quot;&quot;,&quot;size&quot;:&quot;&quot;},&quot;jet_parallax_layout_image_mobile&quot;:{&quot;url&quot;:&quot;&quot;,&quot;id&quot;:&quot;&quot;,&quot;size&quot;:&quot;&quot;},&quot;jet_parallax_layout_type&quot;:&quot;scroll&quot;,&quot;jet_parallax_layout_direction&quot;:null,&quot;jet_parallax_layout_fx_direction&quot;:null,&quot;jet_parallax_layout_z_index&quot;:&quot;&quot;,&quot;jet_parallax_layout_bg_x_tablet&quot;:&quot;&quot;,&quot;jet_parallax_layout_bg_x_mobile&quot;:&quot;&quot;,&quot;jet_parallax_layout_bg_y_tablet&quot;:&quot;&quot;,&quot;jet_parallax_layout_bg_y_mobile&quot;:&quot;&quot;,&quot;jet_parallax_layout_bg_size&quot;:&quot;auto&quot;,&quot;jet_parallax_layout_bg_size_tablet&quot;:&quot;&quot;,&quot;jet_parallax_layout_bg_size_mobile&quot;:&quot;&quot;,&quot;jet_parallax_layout_animation_prop&quot;:&quot;transform&quot;,&quot;jet_parallax_layout_on&quot;:[&quot;desktop&quot;,&quot;tablet&quot;]}]}\">\n\t\t\t\t\t\t<div class=\"elementor-container elementor-column-gap-default\">\n\t\t\t\t\t<div class=\"elementor-column elementor-col-50 elementor-top-column elementor-element elementor-element-667dae6\" data-id=\"667dae6\" data-element_type=\"column\">\n\t\t\t<div class=\"elementor-widget-wrap elementor-element-populated\">\n\t\t\t\t\t\t<div class=\"elementor-element elementor-element-9750aa0 elementor-widget elementor-widget-text-editor\" data-id=\"9750aa0\" data-element_type=\"widget\" data-widget_type=\"text-editor.default\">\n\t\t\t\t<div class=\"elementor-widget-container\">\n\t\t\t\t\t\t\t\t\t<p>Home Key Ingatlan Kft. is a business organization registered under registration number 900190\/2021, which can carry out real estate valuations as a business. As a responsible company, our company has Real Estate Professional Liability Insurance.<\/p><p>If you do not want to entrust the sale of your property to an intermediary or just want to know how much your property is worth now; our company undertakes the valuation of commercial premises, warehouses, residential properties and plots of land.\u00a0<\/p><p>We also prepare valuations for official purposes, whether it is for providing data to authorities (tax authorities, guardianship authorities) or for determining the value for tenders.<\/p><p class=\"translation-block\">The fee for this depends on the type, size and available documents of the property, so please <a href=\"https:\/\/www.homekey.hu\/en\/kapcsolat\/\" target=\"_self\">contact us<\/a> for a quote.\n\nWe prepare our valuations entirely in Hungarian, so although we determine the value, you will need Hungarian language skills or translation to interpret the text parts.<\/p>\t\t\t\t\t\t\t\t<\/div>\n\t\t\t\t<\/div>\n\t\t\t\t\t<\/div>\n\t\t<\/div>\n\t\t\t\t<div class=\"elementor-column elementor-col-50 elementor-top-column elementor-element elementor-element-5714754\" data-id=\"5714754\" data-element_type=\"column\">\n\t\t\t<div class=\"elementor-widget-wrap elementor-element-populated\">\n\t\t\t\t\t\t<div class=\"elementor-element elementor-element-bf25891 elementor-widget elementor-widget-image\" data-id=\"bf25891\" data-element_type=\"widget\" data-widget_type=\"image.default\">\n\t\t\t\t<div class=\"elementor-widget-container\">\n\t\t\t\t\t\t\t\t\t\t\t\t\t\t\t<img fetchpriority=\"high\" decoding=\"async\" width=\"1024\" height=\"683\" src=\"https:\/\/www.homekey.hu\/wp-content\/uploads\/2022\/03\/homekey-ertekbecsles-2.webp\" class=\"attachment-large size-large wp-image-2630\" alt=\"homekey-ertekbecsles-2\" srcset=\"https:\/\/www.homekey.hu\/wp-content\/uploads\/2022\/03\/homekey-ertekbecsles-2.webp 1024w, https:\/\/www.homekey.hu\/wp-content\/uploads\/2022\/03\/homekey-ertekbecsles-2-300x200.webp 300w, https:\/\/www.homekey.hu\/wp-content\/uploads\/2022\/03\/homekey-ertekbecsles-2-768x512.webp 768w\" sizes=\"(max-width: 1024px) 100vw, 1024px\" \/>\t\t\t\t\t\t\t\t\t\t\t\t\t\t\t<\/div>\n\t\t\t\t<\/div>\n\t\t\t\t\t<\/div>\n\t\t<\/div>\n\t\t\t\t\t<\/div>\n\t\t<\/section>\n\t\t\t\t<section class=\"elementor-section elementor-top-section elementor-element elementor-element-a2ccdd5 elementor-section-boxed elementor-section-height-default elementor-section-height-default\" data-id=\"a2ccdd5\" data-element_type=\"section\" data-settings=\"{&quot;jet_parallax_layout_list&quot;:[{&quot;jet_parallax_layout_image&quot;:{&quot;url&quot;:&quot;&quot;,&quot;id&quot;:&quot;&quot;,&quot;size&quot;:&quot;&quot;},&quot;_id&quot;:&quot;9aac757&quot;,&quot;jet_parallax_layout_image_tablet&quot;:{&quot;url&quot;:&quot;&quot;,&quot;id&quot;:&quot;&quot;,&quot;size&quot;:&quot;&quot;},&quot;jet_parallax_layout_image_mobile&quot;:{&quot;url&quot;:&quot;&quot;,&quot;id&quot;:&quot;&quot;,&quot;size&quot;:&quot;&quot;},&quot;jet_parallax_layout_speed&quot;:{&quot;unit&quot;:&quot;%&quot;,&quot;size&quot;:50,&quot;sizes&quot;:[]},&quot;jet_parallax_layout_type&quot;:&quot;scroll&quot;,&quot;jet_parallax_layout_direction&quot;:null,&quot;jet_parallax_layout_fx_direction&quot;:null,&quot;jet_parallax_layout_z_index&quot;:&quot;&quot;,&quot;jet_parallax_layout_bg_x&quot;:50,&quot;jet_parallax_layout_bg_x_tablet&quot;:&quot;&quot;,&quot;jet_parallax_layout_bg_x_mobile&quot;:&quot;&quot;,&quot;jet_parallax_layout_bg_y&quot;:50,&quot;jet_parallax_layout_bg_y_tablet&quot;:&quot;&quot;,&quot;jet_parallax_layout_bg_y_mobile&quot;:&quot;&quot;,&quot;jet_parallax_layout_bg_size&quot;:&quot;auto&quot;,&quot;jet_parallax_layout_bg_size_tablet&quot;:&quot;&quot;,&quot;jet_parallax_layout_bg_size_mobile&quot;:&quot;&quot;,&quot;jet_parallax_layout_animation_prop&quot;:&quot;transform&quot;,&quot;jet_parallax_layout_on&quot;:[&quot;desktop&quot;,&quot;tablet&quot;]}]}\">\n\t\t\t\t\t\t<div class=\"elementor-container elementor-column-gap-default\">\n\t\t\t\t\t<div class=\"elementor-column elementor-col-50 elementor-top-column elementor-element elementor-element-c102860\" data-id=\"c102860\" data-element_type=\"column\">\n\t\t\t<div class=\"elementor-widget-wrap elementor-element-populated\">\n\t\t\t\t\t\t<div class=\"elementor-element elementor-element-77e4990 elementor-position-top elementor-widget elementor-widget-image-box\" data-id=\"77e4990\" data-element_type=\"widget\" data-widget_type=\"image-box.default\">\n\t\t\t\t<div class=\"elementor-widget-container\">\n\t\t\t\t\t<div class=\"elementor-image-box-wrapper\"><figure class=\"elementor-image-box-img\"><img decoding=\"async\" width=\"1892\" height=\"588\" src=\"https:\/\/www.homekey.hu\/wp-content\/uploads\/2025\/01\/alfa.png\" class=\"attachment-full size-full wp-image-6967\" alt=\"\" srcset=\"https:\/\/www.homekey.hu\/wp-content\/uploads\/2025\/01\/alfa.png 1892w, https:\/\/www.homekey.hu\/wp-content\/uploads\/2025\/01\/alfa-300x93.png 300w, https:\/\/www.homekey.hu\/wp-content\/uploads\/2025\/01\/alfa-1024x318.png 1024w, https:\/\/www.homekey.hu\/wp-content\/uploads\/2025\/01\/alfa-768x239.png 768w, https:\/\/www.homekey.hu\/wp-content\/uploads\/2025\/01\/alfa-1536x477.png 1536w\" sizes=\"(max-width: 1892px) 100vw, 1892px\" \/><\/figure><div class=\"elementor-image-box-content\"><p class=\"elementor-image-box-description\">As a reliable company, we have 65 million forints of liability insurance for both real estate valuation and brokerage.<\/p><\/div><\/div>\t\t\t\t<\/div>\n\t\t\t\t<\/div>\n\t\t\t\t\t<\/div>\n\t\t<\/div>\n\t\t\t\t<div class=\"elementor-column elementor-col-50 elementor-top-column elementor-element elementor-element-42b2555\" data-id=\"42b2555\" data-element_type=\"column\">\n\t\t\t<div class=\"elementor-widget-wrap\">\n\t\t\t\t\t\t\t<\/div>\n\t\t<\/div>\n\t\t\t\t\t<\/div>\n\t\t<\/section>\n\t\t\t\t<\/div>","protected":false},"excerpt":{"rendered":"<p>\u00c9rt\u00e9kbecsl\u00e9s A Home Key Ingatlan Kft. 900190\/2021 nyilv\u00e1ntart\u00e1si sz\u00e1mon bejegyzett gazd\u00e1lkod\u00f3 szervezet, mely \u00fczletszer\u0171en v\u00e9gezhet ingatlanvagyon-\u00e9rt\u00e9kel\u00e9st. Felel\u0151s v\u00e1llalatk\u00e9nt c\u00e9g\u00fcnk Ingatlanszakmai felel\u0151ss\u00e9gbiztos\u00edt\u00e1ssal rendelkezik. Amennyiben nem szeretn\u00e9 k\u00f6zvet\u00edt\u0151re b\u00edzni ingatlanja elad\u00e1s\u00e1t vagy csak szeretn\u00e9 tudni mennyit \u00e9r most ingatlana; c\u00e9g\u00fcnk v\u00e1llalja \u00fczlethelyis\u00e9gek, rakt\u00e1rak, lak\u00f3ingatlanok \u00e9s telkek \u00e9rt\u00e9kbecsl\u00e9s\u00e9t egyar\u00e1nt.\u00a0 Hivatalos c\u00e9lra \u00fagyszint\u00e9n k\u00e9sz\u00edt\u00fcnk \u00e9rt\u00e9kel\u00e9st, legyen sz\u00f3 ak\u00e1r hat\u00f3s\u00e1g [&hellip;]<\/p>","protected":false},"author":3,"featured_media":0,"parent":0,"menu_order":0,"comment_status":"closed","ping_status":"closed","template":"","meta":{"_acf_changed":false,"footnotes":""},"class_list":["post-1447","page","type-page","status-publish","hentry"],"acf":[],"yoast_head":"<!-- This site is optimized with the Yoast SEO plugin v27.4 - https:\/\/yoast.com\/product\/yoast-seo-wordpress\/ -->\n<title>\u00c9rt\u00e9k\u00e9becsl\u00e9s - Home Key Ingatlan<\/title>\n<meta name=\"robots\" content=\"index, follow, max-snippet:-1, max-image-preview:large, max-video-preview:-1\" \/>\n<link rel=\"canonical\" href=\"https:\/\/www.homekey.hu\/en\/ertekebecsles\/\" \/>\n<meta property=\"og:locale\" content=\"en_GB\" \/>\n<meta property=\"og:type\" content=\"article\" \/>\n<meta property=\"og:title\" content=\"\u00c9rt\u00e9k\u00e9becsl\u00e9s - Home Key Ingatlan\" \/>\n<meta property=\"og:description\" content=\"\u00c9rt\u00e9kbecsl\u00e9s A Home Key Ingatlan Kft. 900190\/2021 nyilv\u00e1ntart\u00e1si sz\u00e1mon bejegyzett gazd\u00e1lkod\u00f3 szervezet, mely \u00fczletszer\u0171en v\u00e9gezhet ingatlanvagyon-\u00e9rt\u00e9kel\u00e9st. Felel\u0151s v\u00e1llalatk\u00e9nt c\u00e9g\u00fcnk Ingatlanszakmai felel\u0151ss\u00e9gbiztos\u00edt\u00e1ssal rendelkezik. Amennyiben nem szeretn\u00e9 k\u00f6zvet\u00edt\u0151re b\u00edzni ingatlanja elad\u00e1s\u00e1t vagy csak szeretn\u00e9 tudni mennyit \u00e9r most ingatlana; c\u00e9g\u00fcnk v\u00e1llalja \u00fczlethelyis\u00e9gek, rakt\u00e1rak, lak\u00f3ingatlanok \u00e9s telkek \u00e9rt\u00e9kbecsl\u00e9s\u00e9t egyar\u00e1nt.\u00a0 Hivatalos c\u00e9lra \u00fagyszint\u00e9n k\u00e9sz\u00edt\u00fcnk \u00e9rt\u00e9kel\u00e9st, legyen sz\u00f3 ak\u00e1r hat\u00f3s\u00e1g [&hellip;]\" \/>\n<meta property=\"og:url\" content=\"https:\/\/www.homekey.hu\/en\/ertekebecsles\/\" \/>\n<meta property=\"og:site_name\" content=\"Home Key Ingatlan\" \/>\n<meta property=\"article:modified_time\" content=\"2025-02-03T13:49:25+00:00\" \/>\n<meta property=\"og:image\" content=\"https:\/\/www.homekey.hu\/wp-content\/uploads\/2022\/03\/homekey-ertekbecsles-2.webp\" \/>\n<meta name=\"twitter:card\" content=\"summary_large_image\" \/>\n<meta name=\"twitter:label1\" content=\"Estimated reading time\" \/>\n\t<meta name=\"twitter:data1\" content=\"1 minute\" \/>\n<script type=\"application\/ld+json\" class=\"yoast-schema-graph\">{\"@context\":\"https:\\\/\\\/schema.org\",\"@graph\":[{\"@type\":\"WebPage\",\"@id\":\"https:\\\/\\\/www.homekey.hu\\\/ertekebecsles\\\/\",\"url\":\"https:\\\/\\\/www.homekey.hu\\\/ertekebecsles\\\/\",\"name\":\"\u00c9rt\u00e9k\u00e9becsl\u00e9s - Home Key Ingatlan\",\"isPartOf\":{\"@id\":\"https:\\\/\\\/www.homekey.hu\\\/#website\"},\"primaryImageOfPage\":{\"@id\":\"https:\\\/\\\/www.homekey.hu\\\/ertekebecsles\\\/#primaryimage\"},\"image\":{\"@id\":\"https:\\\/\\\/www.homekey.hu\\\/ertekebecsles\\\/#primaryimage\"},\"thumbnailUrl\":\"https:\\\/\\\/www.homekey.hu\\\/wp-content\\\/uploads\\\/2022\\\/03\\\/homekey-ertekbecsles-2.webp\",\"datePublished\":\"2021-10-08T07:50:41+00:00\",\"dateModified\":\"2025-02-03T13:49:25+00:00\",\"breadcrumb\":{\"@id\":\"https:\\\/\\\/www.homekey.hu\\\/ertekebecsles\\\/#breadcrumb\"},\"inLanguage\":\"en-GB\",\"potentialAction\":[{\"@type\":\"ReadAction\",\"target\":[\"https:\\\/\\\/www.homekey.hu\\\/ertekebecsles\\\/\"]}]},{\"@type\":\"ImageObject\",\"inLanguage\":\"en-GB\",\"@id\":\"https:\\\/\\\/www.homekey.hu\\\/ertekebecsles\\\/#primaryimage\",\"url\":\"https:\\\/\\\/www.homekey.hu\\\/wp-content\\\/uploads\\\/2022\\\/03\\\/homekey-ertekbecsles-2.webp\",\"contentUrl\":\"https:\\\/\\\/www.homekey.hu\\\/wp-content\\\/uploads\\\/2022\\\/03\\\/homekey-ertekbecsles-2.webp\"},{\"@type\":\"BreadcrumbList\",\"@id\":\"https:\\\/\\\/www.homekey.hu\\\/ertekebecsles\\\/#breadcrumb\",\"itemListElement\":[{\"@type\":\"ListItem\",\"position\":1,\"name\":\"Kezd\u0151lap\",\"item\":\"https:\\\/\\\/www.homekey.hu\\\/\"},{\"@type\":\"ListItem\",\"position\":2,\"name\":\"\u00c9rt\u00e9k\u00e9becsl\u00e9s\"}]},{\"@type\":\"WebSite\",\"@id\":\"https:\\\/\\\/www.homekey.hu\\\/#website\",\"url\":\"https:\\\/\\\/www.homekey.hu\\\/\",\"name\":\"Home Key Ingatlan\",\"description\":\"\",\"publisher\":{\"@id\":\"https:\\\/\\\/www.homekey.hu\\\/#organization\"},\"potentialAction\":[{\"@type\":\"SearchAction\",\"target\":{\"@type\":\"EntryPoint\",\"urlTemplate\":\"https:\\\/\\\/www.homekey.hu\\\/?s={search_term_string}\"},\"query-input\":{\"@type\":\"PropertyValueSpecification\",\"valueRequired\":true,\"valueName\":\"search_term_string\"}}],\"inLanguage\":\"en-GB\"},{\"@type\":\"Organization\",\"@id\":\"https:\\\/\\\/www.homekey.hu\\\/#organization\",\"name\":\"Homekey Ingatlan Kft.\",\"url\":\"https:\\\/\\\/www.homekey.hu\\\/\",\"logo\":{\"@type\":\"ImageObject\",\"inLanguage\":\"en-GB\",\"@id\":\"https:\\\/\\\/www.homekey.hu\\\/#\\\/schema\\\/logo\\\/image\\\/\",\"url\":\"https:\\\/\\\/www.homekey.hu\\\/wp-content\\\/uploads\\\/2019\\\/07\\\/homekey-ingatlan-eladas-logo-removebg-preview.png\",\"contentUrl\":\"https:\\\/\\\/www.homekey.hu\\\/wp-content\\\/uploads\\\/2019\\\/07\\\/homekey-ingatlan-eladas-logo-removebg-preview.png\",\"width\":333,\"height\":176,\"caption\":\"Homekey Ingatlan Kft.\"},\"image\":{\"@id\":\"https:\\\/\\\/www.homekey.hu\\\/#\\\/schema\\\/logo\\\/image\\\/\"}}]}<\/script>\n<!-- \/ Yoast SEO plugin. -->","yoast_head_json":{"title":"\u00c9rt\u00e9k\u00e9becsl\u00e9s - Home Key Ingatlan","robots":{"index":"index","follow":"follow","max-snippet":"max-snippet:-1","max-image-preview":"max-image-preview:large","max-video-preview":"max-video-preview:-1"},"canonical":"https:\/\/www.homekey.hu\/en\/ertekebecsles\/","og_locale":"en_GB","og_type":"article","og_title":"\u00c9rt\u00e9k\u00e9becsl\u00e9s - Home Key Ingatlan","og_description":"\u00c9rt\u00e9kbecsl\u00e9s A Home Key Ingatlan Kft. 900190\/2021 nyilv\u00e1ntart\u00e1si sz\u00e1mon bejegyzett gazd\u00e1lkod\u00f3 szervezet, mely \u00fczletszer\u0171en v\u00e9gezhet ingatlanvagyon-\u00e9rt\u00e9kel\u00e9st. Felel\u0151s v\u00e1llalatk\u00e9nt c\u00e9g\u00fcnk Ingatlanszakmai felel\u0151ss\u00e9gbiztos\u00edt\u00e1ssal rendelkezik. Amennyiben nem szeretn\u00e9 k\u00f6zvet\u00edt\u0151re b\u00edzni ingatlanja elad\u00e1s\u00e1t vagy csak szeretn\u00e9 tudni mennyit \u00e9r most ingatlana; c\u00e9g\u00fcnk v\u00e1llalja \u00fczlethelyis\u00e9gek, rakt\u00e1rak, lak\u00f3ingatlanok \u00e9s telkek \u00e9rt\u00e9kbecsl\u00e9s\u00e9t egyar\u00e1nt.\u00a0 Hivatalos c\u00e9lra \u00fagyszint\u00e9n k\u00e9sz\u00edt\u00fcnk \u00e9rt\u00e9kel\u00e9st, legyen sz\u00f3 ak\u00e1r hat\u00f3s\u00e1g [&hellip;]","og_url":"https:\/\/www.homekey.hu\/en\/ertekebecsles\/","og_site_name":"Home Key Ingatlan","article_modified_time":"2025-02-03T13:49:25+00:00","og_image":[{"url":"https:\/\/www.homekey.hu\/wp-content\/uploads\/2022\/03\/homekey-ertekbecsles-2.webp","type":"","width":"","height":""}],"twitter_card":"summary_large_image","twitter_misc":{"Estimated reading time":"1 minute"},"schema":{"@context":"https:\/\/schema.org","@graph":[{"@type":"WebPage","@id":"https:\/\/www.homekey.hu\/ertekebecsles\/","url":"https:\/\/www.homekey.hu\/ertekebecsles\/","name":"\u00c9rt\u00e9k\u00e9becsl\u00e9s - Home Key Ingatlan","isPartOf":{"@id":"https:\/\/www.homekey.hu\/#website"},"primaryImageOfPage":{"@id":"https:\/\/www.homekey.hu\/ertekebecsles\/#primaryimage"},"image":{"@id":"https:\/\/www.homekey.hu\/ertekebecsles\/#primaryimage"},"thumbnailUrl":"https:\/\/www.homekey.hu\/wp-content\/uploads\/2022\/03\/homekey-ertekbecsles-2.webp","datePublished":"2021-10-08T07:50:41+00:00","dateModified":"2025-02-03T13:49:25+00:00","breadcrumb":{"@id":"https:\/\/www.homekey.hu\/ertekebecsles\/#breadcrumb"},"inLanguage":"en-GB","potentialAction":[{"@type":"ReadAction","target":["https:\/\/www.homekey.hu\/ertekebecsles\/"]}]},{"@type":"ImageObject","inLanguage":"en-GB","@id":"https:\/\/www.homekey.hu\/ertekebecsles\/#primaryimage","url":"https:\/\/www.homekey.hu\/wp-content\/uploads\/2022\/03\/homekey-ertekbecsles-2.webp","contentUrl":"https:\/\/www.homekey.hu\/wp-content\/uploads\/2022\/03\/homekey-ertekbecsles-2.webp"},{"@type":"BreadcrumbList","@id":"https:\/\/www.homekey.hu\/ertekebecsles\/#breadcrumb","itemListElement":[{"@type":"ListItem","position":1,"name":"Kezd\u0151lap","item":"https:\/\/www.homekey.hu\/"},{"@type":"ListItem","position":2,"name":"\u00c9rt\u00e9k\u00e9becsl\u00e9s"}]},{"@type":"WebSite","@id":"https:\/\/www.homekey.hu\/#website","url":"https:\/\/www.homekey.hu\/","name":"Home Key Ingatlan","description":"","publisher":{"@id":"https:\/\/www.homekey.hu\/#organization"},"potentialAction":[{"@type":"SearchAction","target":{"@type":"EntryPoint","urlTemplate":"https:\/\/www.homekey.hu\/?s={search_term_string}"},"query-input":{"@type":"PropertyValueSpecification","valueRequired":true,"valueName":"search_term_string"}}],"inLanguage":"en-GB"},{"@type":"Organization","@id":"https:\/\/www.homekey.hu\/#organization","name":"Homekey Ingatlan Kft.","url":"https:\/\/www.homekey.hu\/","logo":{"@type":"ImageObject","inLanguage":"en-GB","@id":"https:\/\/www.homekey.hu\/#\/schema\/logo\/image\/","url":"https:\/\/www.homekey.hu\/wp-content\/uploads\/2019\/07\/homekey-ingatlan-eladas-logo-removebg-preview.png","contentUrl":"https:\/\/www.homekey.hu\/wp-content\/uploads\/2019\/07\/homekey-ingatlan-eladas-logo-removebg-preview.png","width":333,"height":176,"caption":"Homekey Ingatlan Kft."},"image":{"@id":"https:\/\/www.homekey.hu\/#\/schema\/logo\/image\/"}}]}},"_links":{"self":[{"href":"https:\/\/www.homekey.hu\/en\/wp-json\/wp\/v2\/pages\/1447","targetHints":{"allow":["GET"]}}],"collection":[{"href":"https:\/\/www.homekey.hu\/en\/wp-json\/wp\/v2\/pages"}],"about":[{"href":"https:\/\/www.homekey.hu\/en\/wp-json\/wp\/v2\/types\/page"}],"author":[{"embeddable":true,"href":"https:\/\/www.homekey.hu\/en\/wp-json\/wp\/v2\/users\/3"}],"replies":[{"embeddable":true,"href":"https:\/\/www.homekey.hu\/en\/wp-json\/wp\/v2\/comments?post=1447"}],"version-history":[{"count":60,"href":"https:\/\/www.homekey.hu\/en\/wp-json\/wp\/v2\/pages\/1447\/revisions"}],"predecessor-version":[{"id":6985,"href":"https:\/\/www.homekey.hu\/en\/wp-json\/wp\/v2\/pages\/1447\/revisions\/6985"}],"wp:attachment":[{"href":"https:\/\/www.homekey.hu\/en\/wp-json\/wp\/v2\/media?parent=1447"}],"curies":[{"name":"wp","href":"https:\/\/api.w.org\/{rel}","templated":true}]}}